{"id":988698,"date":"2024-06-10T11:37:09","date_gmt":"2024-06-10T11:37:09","guid":{"rendered":"https:\/\/arsondagitim.com\/?page_id=988698"},"modified":"2024-06-10T11:38:11","modified_gmt":"2024-06-10T11:38:11","slug":"deniss","status":"publish","type":"page","link":"https:\/\/arsondagitim.com\/en\/deniss\/","title":{"rendered":"Deniss"},"content":{"rendered":"<div data-elementor-type=\"wp-page\" data-elementor-id=\"988698\" class=\"elementor elementor-988698\" data-elementor-post-type=\"page\">\n\t\t\t\t<div class=\"elementor-element elementor-element-b79daaf e-flex e-con-boxed e-con e-parent\" data-id=\"b79daaf\" data-element_type=\"container\" data-settings=\"{&quot;background_background&quot;:&quot;classic&quot;,&quot;shape_divider_bottom&quot;:&quot;arrow&quot;,&quot;shape_divider_bottom_negative&quot;:&quot;yes&quot;}\" data-core-v316-plus=\"true\">\n\t\t\t\t\t<div class=\"e-con-inner\">\n\t\t\t\t<div class=\"elementor-shape elementor-shape-bottom\" data-negative=\"true\">\n\t\t\t<svg xmlns=\"http:\/\/www.w3.org\/2000\/svg\" viewbox=\"0 0 700 10\" preserveaspectratio=\"none\">\n\t<path class=\"elementor-shape-fill\" d=\"M360 0L350 9.9 340 0 0 0 0 10 700 10 700 0\"\/>\n<\/svg>\t\t<\/div>\n\t\t<div class=\"elementor-element elementor-element-cd7090e e-con-full e-flex e-con e-child\" data-id=\"cd7090e\" data-element_type=\"container\">\n\t\t\t\t<div class=\"elementor-element elementor-element-26f110d elementor-widget elementor-widget-heading\" data-id=\"26f110d\" data-element_type=\"widget\" data-widget_type=\"heading.default\">\n\t\t\t\t<div class=\"elementor-widget-container\">\n\t\t\t<style>\/*! elementor - v3.20.0 - 26-03-2024 *\/\n.elementor-heading-title{padding:0;margin:0;line-height:1}.elementor-widget-heading .elementor-heading-title[class*=elementor-size-]>a{color:inherit;font-size:inherit;line-height:inherit}.elementor-widget-heading .elementor-heading-title.elementor-size-small{font-size:15px}.elementor-widget-heading .elementor-heading-title.elementor-size-medium{font-size:19px}.elementor-widget-heading .elementor-heading-title.elementor-size-large{font-size:29px}.elementor-widget-heading .elementor-heading-title.elementor-size-xl{font-size:39px}.elementor-widget-heading .elementor-heading-title.elementor-size-xxl{font-size:59px}<\/style><h6 class=\"elementor-heading-title elementor-size-default\"><a href=\"https:\/\/arsondagitim.com\/en\">Homepage &gt;<\/a><\/h6>\t\t<\/div>\n\t\t\t\t<\/div>\n\t\t\t\t<div class=\"elementor-element elementor-element-25fbacf elementor-widget elementor-widget-heading\" data-id=\"25fbacf\" data-element_type=\"widget\" data-widget_type=\"heading.default\">\n\t\t\t\t<div class=\"elementor-widget-container\">\n\t\t\t<h2 class=\"elementor-heading-title elementor-size-default\"><a href=\"https:\/\/arsondagitim.com\/en\/deniss\/\">Deniss<\/a><\/h2>\t\t<\/div>\n\t\t\t\t<\/div>\n\t\t\t\t<\/div>\n\t\t\t\t\t<\/div>\n\t\t\t\t<\/div>\n\t\t<div class=\"elementor-element elementor-element-9ba528f e-flex e-con-boxed e-con e-parent\" data-id=\"9ba528f\" data-element_type=\"container\" data-core-v316-plus=\"true\">\n\t\t\t\t\t<div class=\"e-con-inner\">\n\t\t\t\t<div class=\"elementor-element elementor-element-2241294 elementor-grid-4 elementor-grid-tablet-3 elementor-grid-mobile-2 elementor-products-grid elementor-wc-products elementor-show-pagination-border-yes elementor-widget elementor-widget-woocommerce-products\" data-id=\"2241294\" data-element_type=\"widget\" data-widget_type=\"woocommerce-products.default\">\n\t\t\t\t<div class=\"elementor-widget-container\">\n\t\t\t<link rel=\"stylesheet\" href=\"https:\/\/arsondagitim.com\/wp-content\/plugins\/elementor-pro\/assets\/css\/widget-woocommerce.min.css\"><div class=\"woocommerce columns-4\"><div class=\"woocommerce-notices-wrapper\"><\/div><ul class=\"products elementor-grid vamtam-wc columns-4\">\n<li class=\"product type-product post-988157 status-publish first instock product_cat-kagit-havlu has-post-thumbnail shipping-taxable product-type-simple\">\n\t<a href=\"https:\/\/arsondagitim.com\/en\/product\/deniss-sensorlu-dispenser-havlu\/\" class=\"woocommerce-LoopProduct-link woocommerce-loop-product__link\"><img fetchpriority=\"high\" decoding=\"async\" width=\"426\" height=\"533\" src=\"https:\/\/arsondagitim.com\/wp-content\/uploads\/2024\/05\/40401025-3-426x533.png\" class=\"attachment-woocommerce_thumbnail size-woocommerce_thumbnail\" alt=\"\" \/><h2 class=\"woocommerce-loop-product__title\">40401025 DENISS SENS\u00d6RL\u00dc D\u0130SPENSER HAVLU<\/h2>\n<\/a><\/li>\n<li class=\"product type-product post-988170 status-publish instock product_cat-kagit-havlu has-post-thumbnail shipping-taxable product-type-simple\">\n\t<a href=\"https:\/\/arsondagitim.com\/en\/product\/deniss-comfort-sensorlu-dispenser-havlu-2\/\" class=\"woocommerce-LoopProduct-link woocommerce-loop-product__link\"><img decoding=\"async\" width=\"426\" height=\"533\" src=\"https:\/\/arsondagitim.com\/wp-content\/uploads\/2024\/05\/40401030-2-426x533.png\" class=\"attachment-woocommerce_thumbnail size-woocommerce_thumbnail\" alt=\"\" \/><h2 class=\"woocommerce-loop-product__title\">40401030 DENISS COMFORT SENS\u00d6RL\u00dc D\u0130SPENSER HAVLU<\/h2>\n<\/a><\/li>\n<li class=\"product type-product post-988171 status-publish instock product_cat-kagit-havlu has-post-thumbnail shipping-taxable product-type-simple\">\n\t<a href=\"https:\/\/arsondagitim.com\/en\/product\/deniss-extra-sensorlu-dispenser-havlu\/\" class=\"woocommerce-LoopProduct-link woocommerce-loop-product__link\"><img decoding=\"async\" width=\"426\" height=\"533\" src=\"https:\/\/arsondagitim.com\/wp-content\/uploads\/2024\/05\/40401040-2-426x533.png\" class=\"attachment-woocommerce_thumbnail size-woocommerce_thumbnail\" alt=\"\" \/><h2 class=\"woocommerce-loop-product__title\">40401040 DENISS EXTRA SENS\u00d6RL\u00dc D\u0130SPENSER HAVLU<\/h2>\n<\/a><\/li>\n<li class=\"product type-product post-988172 status-publish last instock product_cat-kagit-havlu has-post-thumbnail shipping-taxable product-type-simple\">\n\t<a href=\"https:\/\/arsondagitim.com\/en\/product\/deniss-comfort-sensorlu-dispenser-havlu\/\" class=\"woocommerce-LoopProduct-link woocommerce-loop-product__link\"><img loading=\"lazy\" decoding=\"async\" width=\"426\" height=\"533\" src=\"https:\/\/arsondagitim.com\/wp-content\/uploads\/2024\/05\/40401050-2-426x533.png\" class=\"attachment-woocommerce_thumbnail size-woocommerce_thumbnail\" alt=\"\" \/><h2 class=\"woocommerce-loop-product__title\">40401050 DENISS ULTRA SENS\u00d6RL\u00dc D\u0130SPENSER HAVLU<\/h2>\n<\/a><\/li>\n<li class=\"product type-product post-988173 status-publish first instock product_cat-kagit-havlu has-post-thumbnail shipping-taxable product-type-simple\">\n\t<a href=\"https:\/\/arsondagitim.com\/en\/product\/deniss-ultra-sensorlu-dispenser-havlu\/\" class=\"woocommerce-LoopProduct-link woocommerce-loop-product__link\"><img loading=\"lazy\" decoding=\"async\" width=\"426\" height=\"533\" src=\"https:\/\/arsondagitim.com\/wp-content\/uploads\/2024\/05\/40401060-2-426x533.png\" class=\"attachment-woocommerce_thumbnail size-woocommerce_thumbnail\" alt=\"\" \/><h2 class=\"woocommerce-loop-product__title\">40401060 DENISS ULTRA SENS\u00d6RL\u00dc D\u0130SPENSER HAVLU<\/h2>\n<\/a><\/li>\n<li class=\"product type-product post-988177 status-publish instock product_cat-kagit-havlu has-post-thumbnail shipping-taxable product-type-simple\">\n\t<a href=\"https:\/\/arsondagitim.com\/en\/product\/deniss-eko-icten-cekmeli-havlu\/\" class=\"woocommerce-LoopProduct-link woocommerce-loop-product__link\"><img loading=\"lazy\" decoding=\"async\" width=\"426\" height=\"533\" src=\"https:\/\/arsondagitim.com\/wp-content\/uploads\/2024\/05\/40402025-2-426x533.png\" class=\"attachment-woocommerce_thumbnail size-woocommerce_thumbnail\" alt=\"\" \/><h2 class=\"woocommerce-loop-product__title\">40402025 DENISS EKO \u0130\u00c7TEN \u00c7EKMEL\u0130 HAVLU<\/h2>\n<\/a><\/li>\n<li class=\"product type-product post-988180 status-publish instock product_cat-kagit-havlu has-post-thumbnail shipping-taxable product-type-simple\">\n\t<a href=\"https:\/\/arsondagitim.com\/en\/product\/deniss-standart-icten-cekmeli-havlu\/\" class=\"woocommerce-LoopProduct-link woocommerce-loop-product__link\"><img loading=\"lazy\" decoding=\"async\" width=\"426\" height=\"533\" src=\"https:\/\/arsondagitim.com\/wp-content\/uploads\/2024\/05\/40402030-2-426x533.png\" class=\"attachment-woocommerce_thumbnail size-woocommerce_thumbnail\" alt=\"\" \/><h2 class=\"woocommerce-loop-product__title\">40402030 DENISS COMFORT \u0130\u00c7TEN \u00c7EKMEL\u0130 HAVLU<\/h2>\n<\/a><\/li>\n<li class=\"product type-product post-988181 status-publish last instock product_cat-kagit-havlu has-post-thumbnail shipping-taxable product-type-simple\">\n\t<a href=\"https:\/\/arsondagitim.com\/en\/product\/deniss-extra-icten-cekmeli-havlu\/\" class=\"woocommerce-LoopProduct-link woocommerce-loop-product__link\"><img loading=\"lazy\" decoding=\"async\" width=\"426\" height=\"533\" src=\"https:\/\/arsondagitim.com\/wp-content\/uploads\/2024\/05\/40402040-2-426x533.png\" class=\"attachment-woocommerce_thumbnail size-woocommerce_thumbnail\" alt=\"\" \/><h2 class=\"woocommerce-loop-product__title\">40402040 DENISS EXTRA \u0130\u00c7TEN \u00c7EKMEL\u0130 HAVLU<\/h2>\n<\/a><\/li>\n<li class=\"product type-product post-988178 status-publish first instock product_cat-kagit-havlu has-post-thumbnail shipping-taxable product-type-simple\">\n\t<a href=\"https:\/\/arsondagitim.com\/en\/product\/deniss-mega-dev-havlu\/\" class=\"woocommerce-LoopProduct-link woocommerce-loop-product__link\"><img loading=\"lazy\" decoding=\"async\" width=\"426\" height=\"533\" src=\"https:\/\/arsondagitim.com\/wp-content\/uploads\/2024\/05\/90054014-2-426x533.png\" class=\"attachment-woocommerce_thumbnail size-woocommerce_thumbnail\" alt=\"\" \/><h2 class=\"woocommerce-loop-product__title\">90054014 DENISS MEGA DEV HAVLU<\/h2>\n<\/a><\/li>\n<li class=\"product type-product post-988198 status-publish instock product_cat-tuvalet-kagidi has-post-thumbnail shipping-taxable product-type-simple\">\n\t<a href=\"https:\/\/arsondagitim.com\/en\/product\/deniss-eko-jumbo-tuvalet-kagidi\/\" class=\"woocommerce-LoopProduct-link woocommerce-loop-product__link\"><img loading=\"lazy\" decoding=\"async\" width=\"426\" height=\"533\" src=\"https:\/\/arsondagitim.com\/wp-content\/uploads\/2024\/05\/40403025-2-426x533.png\" class=\"attachment-woocommerce_thumbnail size-woocommerce_thumbnail\" alt=\"\" \/><h2 class=\"woocommerce-loop-product__title\">40403025 DEN\u0130SS EKO JUMBO TUVALET KA\u011eIDI<\/h2>\n<\/a><\/li>\n<li class=\"product type-product post-988199 status-publish instock product_cat-tuvalet-kagidi has-post-thumbnail shipping-taxable product-type-simple\">\n\t<a href=\"https:\/\/arsondagitim.com\/en\/product\/deniss-standart-jumbo-tuvalet-kagidi\/\" class=\"woocommerce-LoopProduct-link woocommerce-loop-product__link\"><img loading=\"lazy\" decoding=\"async\" width=\"426\" height=\"533\" src=\"https:\/\/arsondagitim.com\/wp-content\/uploads\/2024\/05\/40403030-2-426x533.png\" class=\"attachment-woocommerce_thumbnail size-woocommerce_thumbnail\" alt=\"\" \/><h2 class=\"woocommerce-loop-product__title\">40403030 DENISS COMFORT JUMBO TUVALET KA\u011eIDI<\/h2>\n<\/a><\/li>\n<li class=\"product type-product post-988200 status-publish last instock product_cat-tuvalet-kagidi has-post-thumbnail shipping-taxable product-type-simple\">\n\t<a href=\"https:\/\/arsondagitim.com\/en\/product\/deniss-extra-jumbo-tuvalet-kagidi\/\" class=\"woocommerce-LoopProduct-link woocommerce-loop-product__link\"><img loading=\"lazy\" decoding=\"async\" width=\"426\" height=\"533\" src=\"https:\/\/arsondagitim.com\/wp-content\/uploads\/2024\/05\/40403040-2-426x533.png\" class=\"attachment-woocommerce_thumbnail size-woocommerce_thumbnail\" alt=\"\" \/><h2 class=\"woocommerce-loop-product__title\">40403040 DENISS EXTRA JUMBO TUVALET KA\u011eIDI<\/h2>\n<\/a><\/li>\n<li class=\"product type-product post-988210 status-publish first instock product_cat-tuvalet-kagidi has-post-thumbnail shipping-taxable product-type-simple\">\n\t<a href=\"https:\/\/arsondagitim.com\/en\/product\/deniss-comfort-jumbo-tuvalet-kagidi\/\" class=\"woocommerce-LoopProduct-link woocommerce-loop-product__link\"><img loading=\"lazy\" decoding=\"async\" width=\"426\" height=\"533\" src=\"https:\/\/arsondagitim.com\/wp-content\/uploads\/2024\/05\/40403050-2-426x533.png\" class=\"attachment-woocommerce_thumbnail size-woocommerce_thumbnail\" alt=\"\" \/><h2 class=\"woocommerce-loop-product__title\">40403050 DENISS ULTRA JUMBO TUVALET KA\u011eIDI<\/h2>\n<\/a><\/li>\n<li class=\"product type-product post-988211 status-publish instock product_cat-tuvalet-kagidi has-post-thumbnail shipping-taxable product-type-simple\">\n\t<a href=\"https:\/\/arsondagitim.com\/en\/product\/deniss-ultra-jumbo-tuvalet-kagidi\/\" class=\"woocommerce-LoopProduct-link woocommerce-loop-product__link\"><img loading=\"lazy\" decoding=\"async\" width=\"426\" height=\"533\" src=\"https:\/\/arsondagitim.com\/wp-content\/uploads\/2024\/05\/40403060-2-426x533.png\" class=\"attachment-woocommerce_thumbnail size-woocommerce_thumbnail\" alt=\"\" \/><h2 class=\"woocommerce-loop-product__title\">40403060 DENISS ULTRA JUMBO TUVALET KA\u011eIDI<\/h2>\n<\/a><\/li>\n<li class=\"product type-product post-988212 status-publish instock product_cat-tuvalet-kagidi has-post-thumbnail shipping-taxable product-type-simple\">\n\t<a href=\"https:\/\/arsondagitim.com\/en\/product\/deniss-standart-mini-icten-cekmeli-tuvalet-kagidi\/\" class=\"woocommerce-LoopProduct-link woocommerce-loop-product__link\"><img loading=\"lazy\" decoding=\"async\" width=\"426\" height=\"533\" src=\"https:\/\/arsondagitim.com\/wp-content\/uploads\/2024\/05\/40404030-2-426x533.png\" class=\"attachment-woocommerce_thumbnail size-woocommerce_thumbnail\" alt=\"\" \/><h2 class=\"woocommerce-loop-product__title\">40404030 DENISS COMFORT M\u0130N\u0130 \u0130\u00c7TEN \u00c7EKMEL\u0130 TUVALET KA\u011eIDI<\/h2>\n<\/a><\/li>\n<li class=\"product type-product post-988213 status-publish last instock product_cat-tuvalet-kagidi has-post-thumbnail shipping-taxable product-type-simple\">\n\t<a href=\"https:\/\/arsondagitim.com\/en\/product\/deniss-extra-mini-icten-cekmeli-tuvalet-kagidi\/\" class=\"woocommerce-LoopProduct-link woocommerce-loop-product__link\"><img loading=\"lazy\" decoding=\"async\" width=\"426\" height=\"533\" src=\"https:\/\/arsondagitim.com\/wp-content\/uploads\/2024\/05\/40404040-2-426x533.png\" class=\"attachment-woocommerce_thumbnail size-woocommerce_thumbnail\" alt=\"\" \/><h2 class=\"woocommerce-loop-product__title\">40404040 DENISS EXTRA M\u0130N\u0130 \u0130\u00c7TEN \u00c7EKMEL\u0130 TUVALET KA\u011eIDI<\/h2>\n<\/a><\/li>\n<li class=\"product type-product post-988214 status-publish first instock product_cat-tuvalet-kagidi has-post-thumbnail shipping-taxable product-type-simple\">\n\t<a href=\"https:\/\/arsondagitim.com\/en\/product\/deniss-extra-maksi-icten-cekmeli-tuvalet-kagidi\/\" class=\"woocommerce-LoopProduct-link woocommerce-loop-product__link\"><img loading=\"lazy\" decoding=\"async\" width=\"426\" height=\"533\" src=\"https:\/\/arsondagitim.com\/wp-content\/uploads\/2024\/05\/40404140-2-426x533.png\" class=\"attachment-woocommerce_thumbnail size-woocommerce_thumbnail\" alt=\"\" \/><h2 class=\"woocommerce-loop-product__title\">40404140 DENISS EXTRA MAKS\u0130 \u0130\u00c7TEN \u00c7EKMEL\u0130 TUVALET KA\u011eIDI<\/h2>\n<\/a><\/li>\n<li class=\"product type-product post-988215 status-publish instock product_cat-tuvalet-kagidi has-post-thumbnail shipping-taxable product-type-simple\">\n\t<a href=\"https:\/\/arsondagitim.com\/en\/product\/deniss-ultra-maksi-icten-cekmeli-tuvalet-kagidi\/\" class=\"woocommerce-LoopProduct-link woocommerce-loop-product__link\"><img loading=\"lazy\" decoding=\"async\" width=\"426\" height=\"533\" src=\"https:\/\/arsondagitim.com\/wp-content\/uploads\/2024\/05\/40404150-2-426x533.png\" class=\"attachment-woocommerce_thumbnail size-woocommerce_thumbnail\" alt=\"\" \/><h2 class=\"woocommerce-loop-product__title\">40404150 DENISS ULTRA MAKS\u0130 \u0130\u00c7TEN \u00c7EKMEL\u0130 TUVALET KA\u011eIDI<\/h2>\n<\/a><\/li>\n<li class=\"product type-product post-988217 status-publish instock product_cat-z-katli-havlu has-post-thumbnail shipping-taxable product-type-simple\">\n\t<a href=\"https:\/\/arsondagitim.com\/en\/product\/deniss-z-katli-havlu-130-yaprak\/\" class=\"woocommerce-LoopProduct-link woocommerce-loop-product__link\"><img loading=\"lazy\" decoding=\"async\" width=\"426\" height=\"533\" src=\"https:\/\/arsondagitim.com\/wp-content\/uploads\/2024\/05\/40405013-4-426x533.png\" class=\"attachment-woocommerce_thumbnail size-woocommerce_thumbnail\" alt=\"\" \/><h2 class=\"woocommerce-loop-product__title\">40405013 DENISS Z  KATLI HAVLU &#8211; 130 YAPRAK<\/h2>\n<\/a><\/li>\n<li class=\"product type-product post-988224 status-publish last instock product_cat-z-katli-havlu has-post-thumbnail shipping-taxable product-type-simple\">\n\t<a href=\"https:\/\/arsondagitim.com\/en\/product\/deniss-z-katli-havlu-150-yaprak\/\" class=\"woocommerce-LoopProduct-link woocommerce-loop-product__link\"><img loading=\"lazy\" decoding=\"async\" width=\"426\" height=\"533\" src=\"https:\/\/arsondagitim.com\/wp-content\/uploads\/2024\/05\/40405015-4-426x533.png\" class=\"attachment-woocommerce_thumbnail size-woocommerce_thumbnail\" alt=\"\" \/><h2 class=\"woocommerce-loop-product__title\">40405015 DENISS Z  KATLI HAVLU &#8211; 150 YAPRAK<\/h2>\n<\/a><\/li>\n<li class=\"product type-product post-988225 status-publish first instock product_cat-z-katli-havlu has-post-thumbnail shipping-taxable product-type-simple\">\n\t<a href=\"https:\/\/arsondagitim.com\/en\/product\/deniss-z-katli-havlu-180-yaprak\/\" class=\"woocommerce-LoopProduct-link woocommerce-loop-product__link\"><img loading=\"lazy\" decoding=\"async\" width=\"426\" height=\"533\" src=\"https:\/\/arsondagitim.com\/wp-content\/uploads\/2024\/05\/40405018-4-426x533.png\" class=\"attachment-woocommerce_thumbnail size-woocommerce_thumbnail\" alt=\"\" \/><h2 class=\"woocommerce-loop-product__title\">40405018 DENISS Z  KATLI HAVLU &#8211; 180 YAPRAK<\/h2>\n<\/a><\/li>\n<li class=\"product type-product post-988226 status-publish instock product_cat-z-katli-havlu has-post-thumbnail shipping-taxable product-type-simple\">\n\t<a href=\"https:\/\/arsondagitim.com\/en\/product\/deniss-z-katli-havlu-200-yaprak\/\" class=\"woocommerce-LoopProduct-link woocommerce-loop-product__link\"><img loading=\"lazy\" decoding=\"async\" width=\"426\" height=\"533\" src=\"https:\/\/arsondagitim.com\/wp-content\/uploads\/2024\/05\/40405020-5-426x533.png\" class=\"attachment-woocommerce_thumbnail size-woocommerce_thumbnail\" alt=\"\" \/><h2 class=\"woocommerce-loop-product__title\">40405020 DENISS Z  KATLI HAVLU &#8211; 200 YAPRAK<\/h2>\n<\/a><\/li>\n<li class=\"product type-product post-988228 status-publish instock product_cat-z-katli-havlu has-post-thumbnail shipping-taxable product-type-simple\">\n\t<a href=\"https:\/\/arsondagitim.com\/en\/product\/deniss-z-katli-havlu-200-yaprak-2\/\" class=\"woocommerce-LoopProduct-link woocommerce-loop-product__link\"><img loading=\"lazy\" decoding=\"async\" width=\"426\" height=\"533\" src=\"https:\/\/arsondagitim.com\/wp-content\/uploads\/2024\/05\/40405023-2-426x533.png\" class=\"attachment-woocommerce_thumbnail size-woocommerce_thumbnail\" alt=\"\" \/><h2 class=\"woocommerce-loop-product__title\">40405023 DENISS Z  KATLI HAVLU &#8211; 200 YAPRAK<\/h2>\n<\/a><\/li>\n<li class=\"product type-product post-988229 status-publish last instock product_cat-muayene-masa-ortusu has-post-thumbnail shipping-taxable product-type-simple\">\n\t<a href=\"https:\/\/arsondagitim.com\/en\/product\/deniss-muayene-masa-ortusu\/\" class=\"woocommerce-LoopProduct-link woocommerce-loop-product__link\"><img loading=\"lazy\" decoding=\"async\" width=\"426\" height=\"533\" src=\"https:\/\/arsondagitim.com\/wp-content\/uploads\/2024\/05\/40406035-1-426x533.png\" class=\"attachment-woocommerce_thumbnail size-woocommerce_thumbnail\" alt=\"\" \/><h2 class=\"woocommerce-loop-product__title\">DEN\u0130SS MEDICAL COUCH COVER<\/h2>\n<\/a><\/li>\n<li class=\"product type-product post-988232 status-publish first instock product_cat-muayene-masa-ortusu has-post-thumbnail shipping-taxable product-type-simple\">\n\t<a href=\"https:\/\/arsondagitim.com\/en\/product\/deniss-muayene-masa-ortusu-2\/\" class=\"woocommerce-LoopProduct-link woocommerce-loop-product__link\"><img loading=\"lazy\" decoding=\"async\" width=\"426\" height=\"533\" src=\"https:\/\/arsondagitim.com\/wp-content\/uploads\/2024\/05\/40406050-1-426x533.png\" class=\"attachment-woocommerce_thumbnail size-woocommerce_thumbnail\" alt=\"\" \/><h2 class=\"woocommerce-loop-product__title\">DEN\u0130SS MEDICAL COUCH COVER<\/h2>\n<\/a><\/li>\n<\/ul>\n<\/div>\t\t<\/div>\n\t\t\t\t<\/div>\n\t\t\t\t\t<\/div>\n\t\t\t\t<\/div>\n\t\t\t\t<\/div>","protected":false},"excerpt":{"rendered":"<p>Homepage &gt;<\/p>","protected":false},"author":1,"featured_media":0,"parent":0,"menu_order":0,"comment_status":"closed","ping_status":"closed","template":"","meta":{"footnotes":""},"class_list":["post-988698","page","type-page","status-publish","hentry"],"_links":{"self":[{"href":"https:\/\/arsondagitim.com\/en\/wp-json\/wp\/v2\/pages\/988698","targetHints":{"allow":["GET"]}}],"collection":[{"href":"https:\/\/arsondagitim.com\/en\/wp-json\/wp\/v2\/pages"}],"about":[{"href":"https:\/\/arsondagitim.com\/en\/wp-json\/wp\/v2\/types\/page"}],"author":[{"embeddable":true,"href":"https:\/\/arsondagitim.com\/en\/wp-json\/wp\/v2\/users\/1"}],"replies":[{"embeddable":true,"href":"https:\/\/arsondagitim.com\/en\/wp-json\/wp\/v2\/comments?post=988698"}],"version-history":[{"count":4,"href":"https:\/\/arsondagitim.com\/en\/wp-json\/wp\/v2\/pages\/988698\/revisions"}],"predecessor-version":[{"id":988702,"href":"https:\/\/arsondagitim.com\/en\/wp-json\/wp\/v2\/pages\/988698\/revisions\/988702"}],"wp:attachment":[{"href":"https:\/\/arsondagitim.com\/en\/wp-json\/wp\/v2\/media?parent=988698"}],"curies":[{"name":"wp","href":"https:\/\/api.w.org\/{rel}","templated":true}]}}