{"id":988180,"date":"2024-05-22T09:37:59","date_gmt":"2024-05-22T09:37:59","guid":{"rendered":"https:\/\/arsonkagit.com\/?post_type=product&#038;p=988180"},"modified":"2025-12-15T12:51:56","modified_gmt":"2025-12-15T12:51:56","slug":"deniss-standart-icten-cekmeli-havlu","status":"publish","type":"product","link":"https:\/\/arsondagitim.com\/en\/product\/deniss-standart-icten-cekmeli-havlu\/","title":{"rendered":"40402030 DENISS COMFORT \u0130\u00c7TEN \u00c7EKMEL\u0130 HAVLU"},"content":{"rendered":"<div class=\"vgblk-rw-wrapper limit-wrapper\">\n<table id=\"tablepress-40402030\" class=\"tablepress tablepress-id-40402030\">\n<thead>\n<tr class=\"row-1 odd\">\n\t<th class=\"column-1\">Product Specifications<\/th><th class=\"column-2\"><\/th>\n<\/tr>\n<\/thead>\n<tbody class=\"row-hover\">\n<tr class=\"row-2 even\">\n\t<td class=\"column-1\">Product Code<\/td><td class=\"column-2\">40402030<\/td>\n<\/tr>\n<tr class=\"row-3 odd\">\n\t<td class=\"column-1\">Ply<\/td><td class=\"column-2\">2<\/td>\n<\/tr>\n<tr class=\"row-4 even\">\n\t<td class=\"column-1\">GSM (Gr\/m2)<\/td><td class=\"column-2\">22<\/td>\n<\/tr>\n<tr class=\"row-5 odd\">\n\t<td class=\"column-1\">Sheet Width (cm)<\/td><td class=\"column-2\">21 \u00b1 1<\/td>\n<\/tr>\n<tr class=\"row-6 even\">\n\t<td class=\"column-1\">Sheet Length (cm)<\/td><td class=\"column-2\">22,5<\/td>\n<\/tr>\n<tr class=\"row-7 odd\">\n\t<td class=\"column-1\">Sheet #<\/td><td class=\"column-2\">222<\/td>\n<\/tr>\n<tr class=\"row-8 even\">\n\t<td class=\"column-1\">Roll Length (mt)<\/td><td class=\"column-2\">50<\/td>\n<\/tr>\n<tr class=\"row-9 odd\">\n\t<td class=\"column-1\">Package in Box<\/td><td class=\"column-2\">6<\/td>\n<\/tr>\n<tr class=\"row-10 even\">\n\t<td class=\"column-1\">Package Weight (gr)<\/td><td class=\"column-2\">3000<\/td>\n<\/tr>\n<\/tbody>\n<\/table>\n<!-- #tablepress-40402030 from cache --><\/div>\n<p><!-- .vgblk-rw-wrapper --><\/p>","protected":false},"excerpt":{"rendered":"<p>Deniss Paper Towels offer high absorbency and durability. Their strong structure prevents easy tearing, and their special texture is extra soft, making them safe to use even on delicate surfaces.<\/p>\n<p><strong>Made from 100% pure cellulose.<\/strong><\/p>","protected":false},"featured_media":989250,"template":"","meta":[],"product_cat":[78],"product_tag":[],"class_list":{"0":"post-988180","1":"product","2":"type-product","3":"status-publish","4":"has-post-thumbnail","6":"product_cat-kagit-havlu","8":"first","9":"instock","10":"shipping-taxable","11":"product-type-simple"},"_links":{"self":[{"href":"https:\/\/arsondagitim.com\/en\/wp-json\/wp\/v2\/product\/988180","targetHints":{"allow":["GET"]}}],"collection":[{"href":"https:\/\/arsondagitim.com\/en\/wp-json\/wp\/v2\/product"}],"about":[{"href":"https:\/\/arsondagitim.com\/en\/wp-json\/wp\/v2\/types\/product"}],"wp:featuredmedia":[{"embeddable":true,"href":"https:\/\/arsondagitim.com\/en\/wp-json\/wp\/v2\/media\/989250"}],"wp:attachment":[{"href":"https:\/\/arsondagitim.com\/en\/wp-json\/wp\/v2\/media?parent=988180"}],"wp:term":[{"taxonomy":"product_cat","embeddable":true,"href":"https:\/\/arsondagitim.com\/en\/wp-json\/wp\/v2\/product_cat?post=988180"},{"taxonomy":"product_tag","embeddable":true,"href":"https:\/\/arsondagitim.com\/en\/wp-json\/wp\/v2\/product_tag?post=988180"}],"curies":[{"name":"wp","href":"https:\/\/api.w.org\/{rel}","templated":true}]}}