{"id":988379,"date":"2024-06-06T07:06:01","date_gmt":"2024-06-06T07:06:01","guid":{"rendered":"https:\/\/arsondagitim.com\/?post_type=product&#038;p=988379"},"modified":"2024-06-06T07:06:26","modified_gmt":"2024-06-06T07:06:26","slug":"clonet-kirec-sokucu","status":"publish","type":"product","link":"https:\/\/arsondagitim.com\/en\/product\/clonet-kirec-sokucu\/","title":{"rendered":"Clonet Bathroom"},"content":{"rendered":"<div class=\"vgblk-rw-wrapper limit-wrapper\">\n<p style=\"text-align: left;\"><strong>ELIMINATE LIMESCALE, GREASE, AND DIRT!<\/strong><br \/>\n<strong>EFFICIENT RESULTS IN ONE STEP FOR<\/strong><br \/>\n<strong>BATHROOM DIRT AND LIMESCALE<\/strong><\/p>\n<ul style=\"text-align: left;\">\n<li>Effectively removes limescale buildup, water, and soap stains from surfaces.<\/li>\n<\/ul>\n<p style=\"text-align: left;\">\n<ul style=\"text-align: left;\">\n<li>Does not scratch or dull fixtures and shower heads, preserving their original shine.<\/li>\n<\/ul>\n<p style=\"text-align: left;\">\n<ul style=\"text-align: left;\">\n<li>Provides long-lasting effects on all surfaces in your bathroom.<\/li>\n<\/ul>\n<p style=\"text-align: left;\">\n<ul>\n<li style=\"text-align: left;\">Its powerful formula eliminates soap residues on shower cabins and sinks.<\/li>\n<\/ul>\n<\/div>\n<p><!-- .vgblk-rw-wrapper --><\/p>","protected":false},"excerpt":{"rendered":"<p>K\u0130REC\u0130, YA\u011eI, K\u0130R\u0130 YOK ET! BANYONUZDAK\u0130 K\u0130R VE K\u0130RE\u00c7LERDE TEK ADIMDA ETK\u0130N SONU\u00c7 Y\u00fczeylerdeki kire\u00e7 birikintisi, su ve sabun lekelerini etkin \u015fekilde temizler. Armat\u00fcr ve du\u015f ba\u015fl\u0131klar\u0131n\u0131 \u00e7izmez ve matla\u015ft\u0131rmaz, ilk g\u00fcnk\u00fc parlakl\u0131\u011f\u0131n\u0131 korur. Banyonuzdaki t\u00fcm y\u00fczeylerde uzun s\u00fcren kal\u0131c\u0131 etki sa\u011flar. G\u00fc\u00e7l\u00fc form\u00fcl\u00fc sayesinde du\u015fakabinlerde, lavabolarda olu\u015fan sabun kal\u0131nt\u0131lar\u0131n\u0131 yok eder.<\/p>","protected":false},"featured_media":988378,"template":"","meta":[],"product_cat":[84],"product_tag":[],"class_list":{"0":"post-988379","1":"product","2":"type-product","3":"status-publish","4":"has-post-thumbnail","6":"product_cat-temizlik-urunleri","8":"first","9":"instock","10":"shipping-taxable","11":"product-type-simple"},"_links":{"self":[{"href":"https:\/\/arsondagitim.com\/en\/wp-json\/wp\/v2\/product\/988379","targetHints":{"allow":["GET"]}}],"collection":[{"href":"https:\/\/arsondagitim.com\/en\/wp-json\/wp\/v2\/product"}],"about":[{"href":"https:\/\/arsondagitim.com\/en\/wp-json\/wp\/v2\/types\/product"}],"wp:featuredmedia":[{"embeddable":true,"href":"https:\/\/arsondagitim.com\/en\/wp-json\/wp\/v2\/media\/988378"}],"wp:attachment":[{"href":"https:\/\/arsondagitim.com\/en\/wp-json\/wp\/v2\/media?parent=988379"}],"wp:term":[{"taxonomy":"product_cat","embeddable":true,"href":"https:\/\/arsondagitim.com\/en\/wp-json\/wp\/v2\/product_cat?post=988379"},{"taxonomy":"product_tag","embeddable":true,"href":"https:\/\/arsondagitim.com\/en\/wp-json\/wp\/v2\/product_tag?post=988379"}],"curies":[{"name":"wp","href":"https:\/\/api.w.org\/{rel}","templated":true}]}}