{"id":988387,"date":"2024-06-06T07:10:48","date_gmt":"2024-06-06T07:10:48","guid":{"rendered":"https:\/\/arsondagitim.com\/?post_type=product&#038;p=988387"},"modified":"2024-06-06T07:11:49","modified_gmt":"2024-06-06T07:11:49","slug":"clonet-kirec-cozucu","status":"publish","type":"product","link":"https:\/\/arsondagitim.com\/en\/product\/clonet-kirec-cozucu\/","title":{"rendered":"Clonet Limescale Remover"},"content":{"rendered":"<div class=\"vgblk-rw-wrapper limit-wrapper\"><strong>ELIMINATE LIMESCALE, GREASE, AND DIRT!<\/strong><br \/>\n<strong>EFFICIENT RESULTS IN ONE STEP FOR DEALING WITH LIMESCALE AND WATER STAINS!<\/strong><\/p>\n<ul>\n<li>Suitable for frequent use.<\/li>\n<\/ul>\n<p>&nbsp;<\/p>\n<ul>\n<li>Can be used on surfaces prone to limescale buildup.<\/li>\n<\/ul>\n<p>&nbsp;<\/p>\n<ul>\n<li>Dissolves limescale and water stains on surfaces.<\/li>\n<\/ul>\n<p>&nbsp;<\/p>\n<ul>\n<li>Rinse the cleaned surface thoroughly with plenty of water.<\/li>\n<\/ul>\n<p>&nbsp;<\/p>\n<ul>\n<li>Store the product in its original packaging.<\/li>\n<\/ul>\n<p>&nbsp;<\/p>\n<ul>\n<li>Do not expose to direct sunlight.<\/li>\n<\/ul>\n<\/div>\n<p><!-- .vgblk-rw-wrapper --><\/p>","protected":false},"excerpt":{"rendered":"<p>K\u0130REC\u0130, YA\u011eI, K\u0130R\u0130 YOK ET! MUTFAKLARDA K\u0130RE\u00c7 VE SU LEKELER\u0130YLE BA\u015eA \u00c7IKMAK \u0130\u00c7\u0130N TEK ADIMDA ETK\u0130N SONU\u00c7 \u00dcr\u00fcn s\u0131k kullan\u0131ma uygundur. &nbsp; Kire\u00e7 olu\u015fan y\u00fczeylerde kullanabilirsiniz. &nbsp; Y\u00fczeyde olu\u015fan kire\u00e7 ve su lekelerini \u00e7\u00f6zer. &nbsp; \u00dcr\u00fcn ile temizlenen y\u00fczeyi bol su ile durulay\u0131n. &nbsp; \u00dcr\u00fcn\u00fc kendi ambalaj\u0131nda saklay\u0131n. &nbsp; Do\u011frudan g\u00fcne\u015f \u0131\u015f\u0131\u011f\u0131na maruz b\u0131rakmay\u0131n.<\/p>","protected":false},"featured_media":988384,"template":"","meta":[],"product_cat":[84],"product_tag":[],"class_list":{"0":"post-988387","1":"product","2":"type-product","3":"status-publish","4":"has-post-thumbnail","6":"product_cat-temizlik-urunleri","8":"first","9":"instock","10":"shipping-taxable","11":"product-type-simple"},"_links":{"self":[{"href":"https:\/\/arsondagitim.com\/en\/wp-json\/wp\/v2\/product\/988387","targetHints":{"allow":["GET"]}}],"collection":[{"href":"https:\/\/arsondagitim.com\/en\/wp-json\/wp\/v2\/product"}],"about":[{"href":"https:\/\/arsondagitim.com\/en\/wp-json\/wp\/v2\/types\/product"}],"wp:featuredmedia":[{"embeddable":true,"href":"https:\/\/arsondagitim.com\/en\/wp-json\/wp\/v2\/media\/988384"}],"wp:attachment":[{"href":"https:\/\/arsondagitim.com\/en\/wp-json\/wp\/v2\/media?parent=988387"}],"wp:term":[{"taxonomy":"product_cat","embeddable":true,"href":"https:\/\/arsondagitim.com\/en\/wp-json\/wp\/v2\/product_cat?post=988387"},{"taxonomy":"product_tag","embeddable":true,"href":"https:\/\/arsondagitim.com\/en\/wp-json\/wp\/v2\/product_tag?post=988387"}],"curies":[{"name":"wp","href":"https:\/\/api.w.org\/{rel}","templated":true}]}}