{"id":988389,"date":"2024-06-06T07:13:17","date_gmt":"2024-06-06T07:13:17","guid":{"rendered":"https:\/\/arsondagitim.com\/?post_type=product&#038;p=988389"},"modified":"2024-06-06T07:14:19","modified_gmt":"2024-06-06T07:14:19","slug":"clonet-peroxy","status":"publish","type":"product","link":"https:\/\/arsondagitim.com\/en\/product\/clonet-peroxy\/","title":{"rendered":"Clonet Peroxy"},"content":{"rendered":"<div class=\"vgblk-rw-wrapper limit-wrapper\"><strong>ERADICATE STAINS IN LAUNDRY!<\/strong><br \/>\n<strong>DELIVERS VIBRANCY FOR UP TO 16 WASHES WITH EFFECTIVE PERFORMANCE EVEN AT LOW DOSES<\/strong><\/p>\n<p>Introducing Clonet Peroxy, a powerful powder stain remover that revitalizes your whites with deep effectiveness.<br \/>\nFormulated with sodium percarbonate and sodium carbonate, it swiftly dissolves stains and ensures flawless cleanliness. Its specially designed formula delivers superior performance even at low temperatures.<\/p>\n<p><strong><u>How to Use:<\/u><\/strong><\/p>\n<ul>\n<li>Preparations: Place your laundry into the washing machine. Check fabric labels to determine suitability for the product.<\/li>\n<li>Dosage: Add 1 scoop (30g) of Clonet Peroxy into the main detergent compartment. For heavy stains, you may use 1.5 scoops.<\/li>\n<li>Program Selection: Choose the appropriate wash cycle for your laundry and start the machine.<\/li>\n<\/ul>\n<p><strong><u>For Pretreatment and Soaking:<\/u><\/strong><\/p>\n<ul>\n<li>Preparation of Mixture: Mix 1 scoop (30g) of Clonet Peroxy with 2\/3 scoop of water.<\/li>\n<li>Application: Apply the mixture to the stained area. Gently rub the stain with a brush or the reverse side of a scoop.<\/li>\n<li>Waiting Time: Allow the mixture to act on the stain for 5-10 minutes.<\/li>\n<li>Rinsing: Wash the laundry in the machine once the process is complete or thoroughly rinse by hand.<\/li>\n<\/ul>\n<\/div>\n<p><!-- .vgblk-rw-wrapper --><\/p>","protected":false},"excerpt":{"rendered":"<p>\u00c7AMA\u015eIRLARDA LEKELER\u0130 YOK ET! D\u00dc\u015e\u00dcK DOZDA B\u0130LE ETK\u0130L\u0130 PERFORMANSI \u0130LE 16 YIKAMA BOYUNCA CANLILIK KAZANDIRIR Yepyeni Clonet Peroxy, beyazlar\u0131n\u0131za yeni bir canl\u0131l\u0131k kazand\u0131ran, derinlemesine etkili bir toz leke \u00e7\u0131kar\u0131c\u0131d\u0131r. \u0130\u00e7erdi\u011fi sodyum perkarbonat ve sodyum karbonat sayesinde lekeleri h\u0131zla \u00e7\u00f6zer ve kusursuz temizlik sa\u011flar. \u00d6zel tasarlanm\u0131\u015f form\u00fcl\u00fc ile d\u00fc\u015f\u00fck s\u0131cakl\u0131klarda bile \u00fcst\u00fcn performans g\u00f6sterir. Genel Kullan\u0131m:&#8230;<\/p>","protected":false},"featured_media":988386,"template":"","meta":[],"product_cat":[84],"product_tag":[],"class_list":{"0":"post-988389","1":"product","2":"type-product","3":"status-publish","4":"has-post-thumbnail","6":"product_cat-temizlik-urunleri","8":"first","9":"instock","10":"shipping-taxable","11":"product-type-simple"},"_links":{"self":[{"href":"https:\/\/arsondagitim.com\/en\/wp-json\/wp\/v2\/product\/988389","targetHints":{"allow":["GET"]}}],"collection":[{"href":"https:\/\/arsondagitim.com\/en\/wp-json\/wp\/v2\/product"}],"about":[{"href":"https:\/\/arsondagitim.com\/en\/wp-json\/wp\/v2\/types\/product"}],"wp:featuredmedia":[{"embeddable":true,"href":"https:\/\/arsondagitim.com\/en\/wp-json\/wp\/v2\/media\/988386"}],"wp:attachment":[{"href":"https:\/\/arsondagitim.com\/en\/wp-json\/wp\/v2\/media?parent=988389"}],"wp:term":[{"taxonomy":"product_cat","embeddable":true,"href":"https:\/\/arsondagitim.com\/en\/wp-json\/wp\/v2\/product_cat?post=988389"},{"taxonomy":"product_tag","embeddable":true,"href":"https:\/\/arsondagitim.com\/en\/wp-json\/wp\/v2\/product_tag?post=988389"}],"curies":[{"name":"wp","href":"https:\/\/api.w.org\/{rel}","templated":true}]}}